{"id":509,"date":"2022-05-09T22:23:41","date_gmt":"2022-05-10T02:23:41","guid":{"rendered":"http:\/\/colegioclaudiogay.cl\/?page_id=509"},"modified":"2026-03-31T16:14:00","modified_gmt":"2026-03-31T20:14:00","slug":"reglamento-de-convivencia","status":"publish","type":"page","link":"https:\/\/colegioclaudiogay.cl\/index.php\/reglamento-de-convivencia\/","title":{"rendered":"Reglamentos"},"content":{"rendered":"<div style=\"color: #0b1f3a;\">\n<h3 style=\"text-align: center;\">Reglamento, Planes y Protocolos Escolares<\/h3>\n<p>&nbsp;<\/p>\n<p style=\"text-align: justify;\">El Colegio Claudio Gay pone a disposici\u00f3n de la comunidad educativa el conjunto de <strong>Reglamentos, Planes y Protocolos Escolares<\/strong>, los cuales orientan y regulan la convivencia, el bienestar y el desarrollo integral de nuestros estudiantes.<\/p>\n<p>&nbsp;<\/p>\n<p style=\"text-align: justify;\">Estos documentos establecen los lineamientos fundamentales en materias de convivencia escolar, formaci\u00f3n ciudadana, evaluaci\u00f3n acad\u00e9mica, seguridad, inclusi\u00f3n y protecci\u00f3n de los derechos de ni\u00f1os, ni\u00f1as y adolescentes, promoviendo un ambiente educativo respetuoso, seguro y participativo.<\/p>\n<p>&nbsp;<\/p>\n<p style=\"text-align: justify;\">Entre ellos se encuentran el <strong>Reglamento Interno y de Convivencia Escolar<\/strong>, el <strong>Plan de Formaci\u00f3n Ciudadana<\/strong>, el <strong>Plan Integral de Seguridad Escolar<\/strong>, el <strong>Reglamento de Evaluaci\u00f3n y Promoci\u00f3n<\/strong>, el <strong>Programa de Sexualidad, Afectividad y G\u00e9nero<\/strong>, el <strong>Reglamento de Becas 2025<\/strong>, as\u00ed como los distintos <strong>protocolos de actuaci\u00f3n<\/strong> frente a situaciones de desregulaci\u00f3n emocional, agresiones sexuales, hechos de connotaci\u00f3n sexual y la aplicaci\u00f3n de la <strong>Ley Karin<\/strong>.<\/p>\n<p>&nbsp;<\/p>\n<p style=\"text-align: justify;\">Invitamos a apoderados, estudiantes y funcionarios a revisar estos documentos, ya que constituyen una herramienta fundamental para fortalecer una convivencia basada en el respeto, la responsabilidad y el compromiso con la comunidad educativa.<\/p>\n<p>&nbsp;<\/p>\n<\/div>\n<div style=\"color: #0b1f3a;\">\n<ul class=\"wp-block-list\">\n<li><a style=\"color: black;\" href=\"https:\/\/colegioclaudiogay.cl\/index.php\/reglamento-de-convivencia\/reglamento-de-convivencia\/\" data-type=\"page\" data-id=\"522\"> Reglamento interno y de convivencia <\/a><\/li>\n<li><a style=\"color: black;\" href=\"https:\/\/colegioclaudiogay.cl\/index.php\/reglamento-de-convivencia\/plan-de-formacion-ciudadana-2022\/\" data-type=\"page\" data-id=\"572\"> Plan de formaci\u00f3n ciudadana <\/a><\/li>\n<li><a style=\"color: black;\" href=\"https:\/\/colegioclaudiogay.cl\/index.php\/reglamento-de-convivencia\/plan-integral-de-seguridad-escolar\/\" data-type=\"page\" data-id=\"583\"> Plan integral de seguridad escolar <\/a><\/li>\n<li><a style=\"color: black;\" href=\"https:\/\/colegioclaudiogay.cl\/index.php\/reglamento-de-convivencia\/reglamento-de-evaluacion-y-promocion\/\" data-type=\"page\" data-id=\"595\"> Reglamento de evaluaci\u00f3n y promoci\u00f3n <\/a><\/li>\n<li><a style=\"color: black;\" href=\"https:\/\/colegioclaudiogay.cl\/index.php\/reglamento-de-convivencia\/programa-de-sexualidad-afectividad-y-genero\/\" data-type=\"page\" data-id=\"648\"> Programa de sexualidad, afectividad y g\u00e9nero <\/a><\/li>\n<li><a style=\"color: black;\" href=\"https:\/\/colegioclaudiogay.cl\/index.php\/reglamento-de-convivencia\/reglamento-becas-2026\/\" data-type=\"page\" data-id=\"655\"> Reglamento de becas 2026<\/a><\/li>\n<li><a style=\"color: black;\" href=\"https:\/\/colegioclaudiogay.cl\/index.php\/reglamento-de-convivencia\/protocolo-de-actuacion-frente-a-desregulacion-emocional\/\" data-type=\"page\" data-id=\"1002\"> Protocolo de actuaci\u00f3n frente a la desregulaci\u00f3n emocional <\/a><\/li>\n<li><a style=\"color: black;\" href=\"https:\/\/colegioclaudiogay.cl\/index.php\/reglamento-de-convivencia\/protocolo-de-actuacion-frente-a-agresiones-sexuales-y-hechos-de-connotacion-sexual\/\" data-type=\"page\" data-id=\"1316\"> Protocolo de actuaci\u00f3n frente a agresiones sexuales y hechos de connotaci\u00f3n sexual <\/a><\/li>\n<li><a style=\"color: black;\" href=\"https:\/\/colegioclaudiogay.cl\/index.php\/reglamento-de-convivencia\/protocolo-ley-karin\/\" data-type=\"page\" data-id=\"1558\"> Protocolo Ley Karin <\/a><\/li>\n<\/ul>\n<\/div>\n","protected":false},"excerpt":{"rendered":"<p>Reglamento, Planes y Protocolos Escolares &nbsp; El Colegio Claudio Gay pone a disposici\u00f3n de la comunidad educativa el conjunto de Reglamentos, Planes y Protocolos Escolares, los cuales orientan y regulan la convivencia, el bienestar y el desarrollo integral de nuestros estudiantes. &nbsp; Estos documentos establecen los lineamientos fundamentales en materias de convivencia escolar, formaci\u00f3n ciudadana,&hellip;<\/p>\n","protected":false},"author":1,"featured_media":0,"parent":0,"menu_order":0,"comment_status":"closed","ping_status":"closed","template":"","meta":{"footnotes":""},"class_list":["post-509","page","type-page","status-publish","hentry"],"_links":{"self":[{"href":"https:\/\/colegioclaudiogay.cl\/index.php\/wp-json\/wp\/v2\/pages\/509","targetHints":{"allow":["GET"]}}],"collection":[{"href":"https:\/\/colegioclaudiogay.cl\/index.php\/wp-json\/wp\/v2\/pages"}],"about":[{"href":"https:\/\/colegioclaudiogay.cl\/index.php\/wp-json\/wp\/v2\/types\/page"}],"author":[{"embeddable":true,"href":"https:\/\/colegioclaudiogay.cl\/index.php\/wp-json\/wp\/v2\/users\/1"}],"replies":[{"embeddable":true,"href":"https:\/\/colegioclaudiogay.cl\/index.php\/wp-json\/wp\/v2\/comments?post=509"}],"version-history":[{"count":32,"href":"https:\/\/colegioclaudiogay.cl\/index.php\/wp-json\/wp\/v2\/pages\/509\/revisions"}],"predecessor-version":[{"id":1973,"href":"https:\/\/colegioclaudiogay.cl\/index.php\/wp-json\/wp\/v2\/pages\/509\/revisions\/1973"}],"wp:attachment":[{"href":"https:\/\/colegioclaudiogay.cl\/index.php\/wp-json\/wp\/v2\/media?parent=509"}],"curies":[{"name":"wp","href":"https:\/\/api.w.org\/{rel}","templated":true}]}}