{"id":489,"date":"2022-05-05T21:59:46","date_gmt":"2022-05-06T01:59:46","guid":{"rendered":"http:\/\/colegioclaudiogay.cl\/?page_id=489"},"modified":"2026-03-01T20:28:25","modified_gmt":"2026-03-02T00:28:25","slug":"resena-historica","status":"publish","type":"page","link":"https:\/\/colegioclaudiogay.cl\/index.php\/resena-historica\/","title":{"rendered":"Rese\u00f1a Hist\u00f3rica"},"content":{"rendered":"<div style=\"color: #0b1f3a;\">\n<p style=\"text-align: center;\"><strong>RESE\u00d1A HIST\u00d3RICA<\/strong><\/p>\n<p style=\"text-align: center;\"><b>Directora:<\/b> Yesenia Mu\u00f1oz Zu\u00f1iga<\/p>\n<p><strong>Colegio Claudio Gay<\/strong>, fundado en el a\u00f1o 1980 por la familia Maturana Meza, se encuentra ubicado en Vicu\u00f1a Mackenna N.\u00ba 3081, en la comuna de Pe\u00f1aflor.<\/p>\n<p>Actualmente, la instituci\u00f3n cuenta con una planta docente compuesta por 14 profesores y atiende a una matr\u00edcula aproximada de 230 estudiantes, desde nivel Kinder hasta Octavo A\u00f1o B\u00e1sico.<\/p>\n<p>Nuestro establecimiento adopta su nombre en honor al destacado naturalista y cient\u00edfico franc\u00e9s Don Claudio Gay, reconocido por su vasta y fecunda labor en el estudio y conocimiento de la flora y fauna de Chile, contribuyendo de manera significativa al desarrollo cient\u00edfico y cultural del pa\u00eds.<\/p>\n<p><strong>MISI\u00d3N<\/strong><\/p>\n<p>Trabajar en conjunto con las familias para <strong>alcanzar la excelencia acad\u00e9mica<\/strong> mediante la innovaci\u00f3n curricular, promoviendo una formaci\u00f3n integral, inclusiva y equitativa.<\/p>\n<p>Buscamos que nuestros estudiantes desarrollen <strong>arm\u00f3nicamente sus capacidades cognitivas, afectivas, actitudinales y val\u00f3ricas<\/strong>, prepar\u00e1ndolos para participar activamente en la sociedad con responsabilidad y compromiso.<\/p>\n<p><strong>VISI\u00d3N<\/strong><\/p>\n<p>Ser una instituci\u00f3n educativa reconocida por <strong>formar personas \u00edntegras, cr\u00edticas y solidarias<\/strong>, capaces de enfrentar con autonom\u00eda y confianza los desaf\u00edos de la sociedad del siglo XXI.<\/p>\n<p>Creemos en el desarrollo de competencias personales y sociales que fortalezcan el pensamiento reflexivo, la convivencia respetuosa y el aprendizaje permanente.<\/p>\n<p><strong>NUESTROS SELLOS<\/strong><\/p>\n<ul>\n<li>Excelencia acad\u00e9mica orientada al desarrollo integral del estudiante.<\/li>\n<li>Innovaci\u00f3n curricular como herramienta para mejorar los procesos de ense\u00f1anza y aprendizaje.<\/li>\n<li>Convivencia escolar basada en el respeto, la inclusi\u00f3n y el buen trato.<\/li>\n<li>Familias comprometidas activamente con la educaci\u00f3n y formaci\u00f3n de sus hijos.<\/li>\n<\/ul>\n<\/div>\n","protected":false},"excerpt":{"rendered":"<p>RESE\u00d1A HIST\u00d3RICA Directora: Yesenia Mu\u00f1oz Zu\u00f1iga Colegio Claudio Gay, fundado en el a\u00f1o 1980 por la familia Maturana Meza, se encuentra ubicado en Vicu\u00f1a Mackenna N.\u00ba 3081, en la comuna de Pe\u00f1aflor. Actualmente, la instituci\u00f3n cuenta con una planta docente compuesta por 14 profesores y atiende a una matr\u00edcula aproximada de 230 estudiantes, desde nivel&hellip;<\/p>\n","protected":false},"author":1,"featured_media":0,"parent":0,"menu_order":0,"comment_status":"closed","ping_status":"closed","template":"","meta":{"footnotes":""},"class_list":["post-489","page","type-page","status-publish","hentry"],"_links":{"self":[{"href":"https:\/\/colegioclaudiogay.cl\/index.php\/wp-json\/wp\/v2\/pages\/489","targetHints":{"allow":["GET"]}}],"collection":[{"href":"https:\/\/colegioclaudiogay.cl\/index.php\/wp-json\/wp\/v2\/pages"}],"about":[{"href":"https:\/\/colegioclaudiogay.cl\/index.php\/wp-json\/wp\/v2\/types\/page"}],"author":[{"embeddable":true,"href":"https:\/\/colegioclaudiogay.cl\/index.php\/wp-json\/wp\/v2\/users\/1"}],"replies":[{"embeddable":true,"href":"https:\/\/colegioclaudiogay.cl\/index.php\/wp-json\/wp\/v2\/comments?post=489"}],"version-history":[{"count":19,"href":"https:\/\/colegioclaudiogay.cl\/index.php\/wp-json\/wp\/v2\/pages\/489\/revisions"}],"predecessor-version":[{"id":1881,"href":"https:\/\/colegioclaudiogay.cl\/index.php\/wp-json\/wp\/v2\/pages\/489\/revisions\/1881"}],"wp:attachment":[{"href":"https:\/\/colegioclaudiogay.cl\/index.php\/wp-json\/wp\/v2\/media?parent=489"}],"curies":[{"name":"wp","href":"https:\/\/api.w.org\/{rel}","templated":true}]}}