{"id":1722,"date":"2026-02-22T21:58:12","date_gmt":"2026-02-23T01:58:12","guid":{"rendered":"https:\/\/colegioclaudiogay.cl\/?page_id=1722"},"modified":"2026-02-25T22:18:01","modified_gmt":"2026-02-26T02:18:01","slug":"1722-2","status":"publish","type":"page","link":"https:\/\/colegioclaudiogay.cl\/","title":{"rendered":""},"content":{"rendered":"<style id=\"wp_carousel_dynamic_css1801\">.sp-wp-carousel-free-id-1801.wpcf-fancybox-wrapper .fancybox-bg{background: #0b0b0b;opacity: 0.8;}.sp-wp-carousel-free-id-1801.wpcf-fancybox-wrapper .fancybox-navigation .fancybox-button .wpcp-fancybox-nav-arrow i {color: #ccc;}.sp-wp-carousel-free-id-1801.wpcf-fancybox-wrapper .fancybox-navigation .fancybox-button .wpcp-fancybox-nav-arrow i:hover {color: #fff;}.sp-wp-carousel-free-id-1801.wpcf-fancybox-wrapper .fancybox-navigation .fancybox-button {background: #1e1e1e;}.sp-wp-carousel-free-id-1801.wpcf-fancybox-wrapper .fancybox-navigation .fancybox-button:hover {background: #1e1e1e;}#sp-wp-carousel-free-id-1801 .wpcp-swiper-dots {margin: 40px 0px 0px 0px;}.wpcp-wrapper-1801 .swiper-wrapper .swiper-slide-kenburn, .wpcp-wrapper-1801 .swiper-wrapper, .wpcp-wrapper-1801 .wpcpro-row{align-items: center;}#sp-wp-carousel-free-id-1801 .wpcp-single-item {box-shadow: 0px 0px 0px 0px #dddddd;transition: all .3s;margin: 0px;}#sp-wp-carousel-free-id-1801.swiper-flip .wpcp-single-item{margin: 0!important;}#sp-wp-carousel-free-id-1801 .wpcp-single-item:hover {box-shadow: 0px 0px 0px 0px #dddddd;}#sp-wp-carousel-free-id-1801.sp-wpcp-1801 .wpcp-single-item {border: 1px solid #dddddd;}#sp-wp-carousel-free-id-1801.wpcp-carousel-section.sp-wpcp-1801 .swiper-button-prev,#sp-wp-carousel-free-id-1801.wpcp-carousel-section.sp-wpcp-1801 .swiper-button-next,#sp-wp-carousel-free-id-1801.wpcp-carousel-section.sp-wpcp-1801 .swiper-button-prev:hover,#sp-wp-carousel-free-id-1801.wpcp-carousel-section.sp-wpcp-1801 .swiper-button-next:hover {font-size: 18px ; font-weight: 400;}#sp-wp-carousel-free-id-1801.sp-wpcp-1801 .swiper-button-prev,#sp-wp-carousel-free-id-1801.sp-wpcp-1801 .swiper-button-next,#sp-wp-carousel-free-id-1801.sp-wpcp-1801 .swiper-button-prev:hover,#sp-wp-carousel-free-id-1801.sp-wpcp-1801 .swiper-button-next:hover {background: none;border: none;font-size: 30px;}#sp-wp-carousel-free-id-1801.sp-wpcp-1801 .swiper-button-prev i,#sp-wp-carousel-free-id-1801.sp-wpcp-1801 .swiper-button-next i {color: #aaa;}#sp-wp-carousel-free-id-1801.sp-wpcp-1801 .swiper-button-prev i:hover,#sp-wp-carousel-free-id-1801.sp-wpcp-1801 .swiper-button-next i:hover {color: #178087;}#sp-wp-carousel-free-id-1801.sp-wpcp-1801 .wpcp-swiper-dots .swiper-pagination-bullet {background-color: #cccccc;}#sp-wp-carousel-free-id-1801.sp-wpcp-1801 .wpcp-swiper-dots .swiper-pagination-bullet.swiper-pagination-bullet-active {background-color: #178087;} #sp-wp-carousel-free-id-1801.sp-wpcp-1801.wpcp-image-carousel .wpcp-single-item:hover img, #sp-wp-carousel-free-id-1801.sp-wpcp-1801.wpcp-post-carousel .wpcp-single-item:hover img, #sp-wp-carousel-free-id-1801.sp-wpcp-1801.wpcp-product-carousel .wpcp-single-item:hover img{-webkit-transform: scale(1.2);-moz-transform: scale(1.2);transform: scale(1.2);}#sp-wp-carousel-free-id-1801 .wpcpro-row>[class*=\"wpcpro-col-\"] { padding: 0 10px; padding-bottom: 20px;} #sp-wp-carousel-free-id-1801 .swiper-slide .single-item-fade:not(:last-child) { margin-right: 20px;}@media (min-width: 480px) { .wpcpro-row .wpcpro-col-sm-1 { flex: 0 0 100%; max-width: 100%; } .wpcpro-row .wpcpro-col-sm-2 { flex: 0 0 50%; max-width: 50%; } .wpcpro-row .wpcpro-col-sm-2-5 { flex: 0 0 75%; max-width: 75%; } .wpcpro-row .wpcpro-col-sm-3 { flex: 0 0 33.333%; max-width: 33.333%; } .wpcpro-row .wpcpro-col-sm-4 { flex: 0 0 25%; max-width: 25%; } .wpcpro-row .wpcpro-col-sm-5 { flex: 0 0 20%; max-width: 20%; } .wpcpro-row .wpcpro-col-sm-6 { flex: 0 0 16.66666666666667%; max-width: 16.66666666666667%; } .wpcpro-row .wpcpro-col-sm-7 { flex: 0 0 14.28571428%; max-width: 14.28571428%; } .wpcpro-row .wpcpro-col-sm-8 { flex: 0 0 12.5%; max-width: 12.5%; } } @media (max-width: 480px) { .wpcpro-row .wpcpro-col-xs-1 { flex: 0 0 100%; max-width: 100%; } .wpcpro-row .wpcpro-col-xs-2 { flex: 0 0 50%; max-width: 50%; } .wpcpro-row .wpcpro-col-xs-3 { flex: 0 0 33.222%; max-width: 33.222%; } .wpcpro-row .wpcpro-col-xs-4 { flex: 0 0 25%; max-width: 25%; } .wpcpro-row .wpcpro-col-xs-5 { flex: 0 0 20%; max-width: 20%; } .wpcpro-row .wpcpro-col-xs-6 { flex: 0 0 16.6667%; max-width: 16.6667%; } .wpcpro-row .wpcpro-col-xs-7 { flex: 0 0 14.28571428%; max-width: 14.28571428%; } .wpcpro-row .wpcpro-col-xs-8 { flex: 0 0 12.5%; max-width: 12.5%; } } @media (min-width: 736px) { .wpcpro-row .wpcpro-col-md-1 { flex: 0 0 100%; max-width: 100%; } .wpcpro-row .wpcpro-col-md-2 { flex: 0 0 50%; max-width: 50%; } .wpcpro-row .wpcpro-col-md-2-5 { flex: 0 0 75%; max-width: 75%; } .wpcpro-row .wpcpro-col-md-3 { flex: 0 0 33.333%; max-width: 33.333%; } .wpcpro-row .wpcpro-col-md-4 { flex: 0 0 25%; max-width: 25%; } .wpcpro-row .wpcpro-col-md-5 { flex: 0 0 20%; max-width: 20%; } .wpcpro-row .wpcpro-col-md-6 { flex: 0 0 16.66666666666667%; max-width: 16.66666666666667%; } .wpcpro-row .wpcpro-col-md-7 { flex: 0 0 14.28571428%; max-width: 14.28571428%; } .wpcpro-row .wpcpro-col-md-8 { flex: 0 0 12.5%; max-width: 12.5%; } } @media (min-width: 980px) { .wpcpro-row .wpcpro-col-lg-1 { flex: 0 0 100%; max-width: 100%; } .wpcpro-row .wpcpro-col-lg-2 { flex: 0 0 50%; max-width: 50%; } .wpcpro-row .wpcpro-col-lg-3 { flex: 0 0 33.222%; max-width: 33.222%; } .wpcpro-row .wpcpro-col-lg-4 { flex: 0 0 25%; max-width: 25%; } .wpcpro-row .wpcpro-col-lg-5 { flex: 0 0 20%; max-width: 20%; } .wpcpro-row .wpcpro-col-lg-6 { flex: 0 0 16.6667%; max-width: 16.6667%; } .wpcpro-row .wpcpro-col-lg-7 { flex: 0 0 14.28571428%; max-width: 14.28571428%; } .wpcpro-row .wpcpro-col-lg-8 { flex: 0 0 12.5%; max-width: 12.5%; } } @media (min-width: 1200px) { .wpcpro-row .wpcpro-col-xl-1 { flex: 0 0 100%; max-width: 100%; } .wpcpro-row .wpcpro-col-xl-2 { flex: 0 0 50%; max-width: 50%; } .wpcpro-row .wpcpro-col-xl-3 { flex: 0 0 33.22222222%; max-width: 33.22222222%; } .wpcpro-row .wpcpro-col-xl-4 { flex: 0 0 25%; max-width: 25%; } .wpcpro-row .wpcpro-col-xl-5 { flex: 0 0 20%; max-width: 20%; } .wpcpro-row .wpcpro-col-xl-6 { flex: 0 0 16.66667%; max-width: 16.66667%; } .wpcpro-row .wpcpro-col-xl-7 { flex: 0 0 14.28571428%; max-width: 14.28571428%; } .wpcpro-row .wpcpro-col-xl-8 { flex: 0 0 12.5%; max-width: 12.5%; } }<\/style><div class=\"wpcp-carousel-wrapper wpcp-wrapper-1801\">\n\t<div id=\"wpcp-preloader-1801\" class=\"wpcp-carousel-preloader\"><img decoding=\"async\" src=\"https:\/\/colegioclaudiogay.cl\/wp-content\/plugins\/wp-carousel-free\/public\/css\/spinner.svg\" alt=\"Preloader Image\" \/><\/div>\t<div class=\"wpcp-carousel-content-wrapper\">\n\t<div id=\"sp-wp-carousel-free-id-1801\" class=\"wpcp-carousel-section sp-wpcp-1801  nav-vertical-center wpcp-image-carousel wpcp-preloader wpcp-standard\" data-swiper='{ &quot;pagination_type&quot;: &quot;dots&quot;,&quot;accessibility&quot;:true, &quot;spaceBetween&quot;:0, &quot;arrows&quot;:true, &quot;freeMode&quot;: false, &quot;autoplay&quot;:true, &quot;effect&quot;: &quot;normal&quot;, &quot;centerMode&quot;: false, &quot;autoplaySpeed&quot;:3000, &quot;dots&quot;:true, &quot;infinite&quot;:true, &quot;speed&quot;:600, &quot;pauseOnHover&quot;:true,\n\t\t\t&quot;slidesToShow&quot;:{&quot;lg_desktop&quot;:1, &quot;desktop&quot;: 1, &quot;laptop&quot;: 1, &quot;tablet&quot;: 1, &quot;mobile&quot;: 1}, &quot;responsive&quot;:{&quot;desktop&quot;:1200, &quot;laptop&quot;: 980, &quot;tablet&quot;: 736, &quot;mobile&quot;: 480}, &quot;rtl&quot;:false, &quot;lazyLoad&quot;: &quot;false&quot;, &quot;swipe&quot;: true, &quot;draggable&quot;: true, &quot;swipeToSlide&quot;:false }' dir=\"ltr\">\n\t\t<div class=\"swiper-wrapper\">\n\t\t<div class=\"swiper-slide\">\n\t<div class=\"wpcp-single-item\">\n\t\t\t<a class=\"wcp-light-box\" data-buttons='[\"close\"]' data-wpc_url='https:\/\/colegioclaudiogay.cl\/wp-content\/uploads\/2026\/02\/WhatsApp-Image-2026-02-25-at-10.20.36-PM-1-1140x641.jpeg' href=\"https:\/\/colegioclaudiogay.cl\/wp-content\/uploads\/2026\/02\/WhatsApp-Image-2026-02-25-at-10.20.36-PM-1.jpeg\" data-fancybox=\"wpcp_view\">\n\t\t<figure>\n\t\t\t<img fetchpriority=\"high\" decoding=\"async\" class=\"skip-lazy\" src=\"https:\/\/colegioclaudiogay.cl\/wp-content\/uploads\/2026\/02\/WhatsApp-Image-2026-02-25-at-10.20.36-PM-1-1140x641.jpeg\" alt=\"WhatsApp Image 2026-02-25 at 10.20.36 PM (1)\" width=\"1140\" height=\"641\">\t\t<\/figure>\n\t<\/a>\n\t\t<\/div>\n<\/div>\n\t<div class=\"swiper-slide\">\n\t<div class=\"wpcp-single-item\">\n\t\t\t<a class=\"wcp-light-box\" data-buttons='[\"close\"]' data-wpc_url='https:\/\/colegioclaudiogay.cl\/wp-content\/uploads\/2026\/02\/WhatsApp-Image-2026-02-25-at-10.20.36-PM-2-1140x641.jpeg' href=\"https:\/\/colegioclaudiogay.cl\/wp-content\/uploads\/2026\/02\/WhatsApp-Image-2026-02-25-at-10.20.36-PM-2.jpeg\" data-fancybox=\"wpcp_view\">\n\t\t<figure>\n\t\t\t<img decoding=\"async\" class=\"skip-lazy\" src=\"https:\/\/colegioclaudiogay.cl\/wp-content\/uploads\/2026\/02\/WhatsApp-Image-2026-02-25-at-10.20.36-PM-2-1140x641.jpeg\" alt=\"WhatsApp Image 2026-02-25 at 10.20.36 PM (2)\" width=\"1140\" height=\"641\">\t\t<\/figure>\n\t<\/a>\n\t\t<\/div>\n<\/div>\n\t<div class=\"swiper-slide\">\n\t<div class=\"wpcp-single-item\">\n\t\t\t<a class=\"wcp-light-box\" data-buttons='[\"close\"]' data-wpc_url='https:\/\/colegioclaudiogay.cl\/wp-content\/uploads\/2026\/02\/WhatsApp-Image-2026-02-25-at-10.20.36-PM-3-1140x641.jpeg' href=\"https:\/\/colegioclaudiogay.cl\/wp-content\/uploads\/2026\/02\/WhatsApp-Image-2026-02-25-at-10.20.36-PM-3.jpeg\" data-fancybox=\"wpcp_view\">\n\t\t<figure>\n\t\t\t<img decoding=\"async\" class=\"skip-lazy\" src=\"https:\/\/colegioclaudiogay.cl\/wp-content\/uploads\/2026\/02\/WhatsApp-Image-2026-02-25-at-10.20.36-PM-3-1140x641.jpeg\" alt=\"WhatsApp Image 2026-02-25 at 10.20.36 PM (3)\" width=\"1140\" height=\"641\">\t\t<\/figure>\n\t<\/a>\n\t\t<\/div>\n<\/div>\n\t<div class=\"swiper-slide\">\n\t<div class=\"wpcp-single-item\">\n\t\t\t<a class=\"wcp-light-box\" data-buttons='[\"close\"]' data-wpc_url='https:\/\/colegioclaudiogay.cl\/wp-content\/uploads\/2026\/02\/WhatsApp-Image-2026-02-25-at-10.20.36-PM-1140x641.jpeg' href=\"https:\/\/colegioclaudiogay.cl\/wp-content\/uploads\/2026\/02\/WhatsApp-Image-2026-02-25-at-10.20.36-PM.jpeg\" data-fancybox=\"wpcp_view\">\n\t\t<figure>\n\t\t\t<img loading=\"lazy\" decoding=\"async\" class=\"skip-lazy\" src=\"https:\/\/colegioclaudiogay.cl\/wp-content\/uploads\/2026\/02\/WhatsApp-Image-2026-02-25-at-10.20.36-PM-1140x641.jpeg\" alt=\"WhatsApp Image 2026-02-25 at 10.20.36 PM\" width=\"1140\" height=\"641\">\t\t<\/figure>\n\t<\/a>\n\t\t<\/div>\n<\/div>\n\t\t\t<\/div>\n\t\t\t\t\t<div class=\"wpcp-swiper-dots swiper-pagination\"><\/div>\n\t\t\t\t<!-- If we need navigation buttons -->\n\t\t\t\t\t<div class=\"wpcp-prev-button swiper-button-prev\"><i class=\"fa fa-angle-left\"><\/i><\/div>\n\t\t\t<div class=\"wpcp-next-button swiper-button-next\"><i class=\"fa fa-angle-right\"><\/i><\/div>\n\t\t\t<\/div>\n\t<\/div>\n<\/div>\n\n<p>&nbsp;<\/p>\n<div style=\"color: #0b1f3a;\">\n<h4 style=\"text-align: center;\">Inicio del a\u00f1o escolar 2026 lunes\u00a002 de marzo<\/h4>\n<h4 style=\"text-align: center;\">Primera semana de clases del 02 al 06 de marzo, horario de 8:00 hr. a 12:00 hr.<\/h4>\n<h4>\u00a0 <img loading=\"lazy\" decoding=\"async\" class=\" wp-image-1730 aligncenter\" src=\"https:\/\/colegioclaudiogay.cl\/wp-content\/uploads\/2026\/02\/CURSO-300x169.jpg\" alt=\"\" width=\"846\" height=\"477\" srcset=\"https:\/\/colegioclaudiogay.cl\/wp-content\/uploads\/2026\/02\/CURSO-300x169.jpg 300w, https:\/\/colegioclaudiogay.cl\/wp-content\/uploads\/2026\/02\/CURSO-1024x576.jpg 1024w, https:\/\/colegioclaudiogay.cl\/wp-content\/uploads\/2026\/02\/CURSO-768x432.jpg 768w, https:\/\/colegioclaudiogay.cl\/wp-content\/uploads\/2026\/02\/CURSO-1536x864.jpg 1536w, https:\/\/colegioclaudiogay.cl\/wp-content\/uploads\/2026\/02\/CURSO-1140x641.jpg 1140w, https:\/\/colegioclaudiogay.cl\/wp-content\/uploads\/2026\/02\/CURSO-720x405.jpg 720w, https:\/\/colegioclaudiogay.cl\/wp-content\/uploads\/2026\/02\/CURSO.jpg 1920w\" sizes=\"(max-width: 846px) 100vw, 846px\" \/><\/h4>\n<h5>Estimados Apoderados\/as, Ponemos a disposici\u00f3n los documentos que deben tener listos para poder matricular a sus hijos para el a\u00f1o 2026:<\/h5>\n<p>&nbsp;<\/p>\n<ul>\n<li><a href=\"https:\/\/colegioclaudiogay.cl\/wp-content\/uploads\/2025\/11\/ENCUESTA-SOBRE-CLASES-DE-RELIGION-2026.pdf\"> Encuesta sobre clases de Religi\u00f3n 2026 <\/a><\/li>\n<li><a href=\"https:\/\/colegioclaudiogay.cl\/wp-content\/uploads\/2025\/11\/RECEPCION-CHEQUES-2026.pdf\"> Recepci\u00f3n de cheques 2026 <\/a><\/li>\n<li><a href=\"https:\/\/colegioclaudiogay.cl\/wp-content\/uploads\/2025\/11\/AUTORIZACION-FOTOGRAFIAS-DE-ACTIVIDADES-2026.pdf\"> Autorizaci\u00f3n de fotograf\u00edas de actividades 2026 <\/a><\/li>\n<li><a href=\"https:\/\/colegioclaudiogay.cl\/wp-content\/uploads\/2025\/11\/CARTA-APODERADOS-PROCESO-ELEGIBILIDAD-DE-TEXTOS.pdf\"> Carta a apoderados: Proceso de elegibilidad de textos <\/a><\/li>\n<li><a href=\"https:\/\/colegioclaudiogay.cl\/wp-content\/uploads\/2025\/11\/COMPROBANTE-DE-MATRICULA.pdf\"> Comprobante de matr\u00edcula <\/a><\/li>\n<li><a href=\"https:\/\/colegioclaudiogay.cl\/wp-content\/uploads\/2025\/11\/CONTRATO-DE-MATRICULA-2026.pdf\"> Contrato de matr\u00edcula 2026 <\/a><\/li>\n<li><a href=\"https:\/\/colegioclaudiogay.cl\/wp-content\/uploads\/2025\/11\/DECLARACION-JURADA-SIMPLE-REGLAMENTOS-2026.pdf\"> Declaraci\u00f3n jurada simple de reglamentos 2026 <\/a><\/li>\n<li><a href=\"https:\/\/colegioclaudiogay.cl\/wp-content\/uploads\/2025\/11\/FICHA-DATOS-PERSONALES-ANO-ESCOLAR-2026.pdf\"> Ficha de datos personales \u2013 A\u00f1o escolar 2026 <\/a><\/li>\n<\/ul>\n<\/div>\n<p><!--more--><\/p>\n","protected":false},"excerpt":{"rendered":"<p>&nbsp; Inicio del a\u00f1o escolar 2026 lunes\u00a002 de marzo Primera semana de clases del 02 al 06 de marzo, horario de 8:00 hr. a 12:00 hr. \u00a0 Estimados Apoderados\/as, Ponemos a disposici\u00f3n los documentos que deben tener listos para poder matricular a sus hijos para el a\u00f1o 2026: &nbsp; Encuesta sobre clases de Religi\u00f3n 2026&hellip;<\/p>\n","protected":false},"author":1,"featured_media":0,"parent":0,"menu_order":0,"comment_status":"closed","ping_status":"closed","template":"","meta":{"footnotes":""},"class_list":["post-1722","page","type-page","status-publish","hentry"],"_links":{"self":[{"href":"https:\/\/colegioclaudiogay.cl\/index.php\/wp-json\/wp\/v2\/pages\/1722","targetHints":{"allow":["GET"]}}],"collection":[{"href":"https:\/\/colegioclaudiogay.cl\/index.php\/wp-json\/wp\/v2\/pages"}],"about":[{"href":"https:\/\/colegioclaudiogay.cl\/index.php\/wp-json\/wp\/v2\/types\/page"}],"author":[{"embeddable":true,"href":"https:\/\/colegioclaudiogay.cl\/index.php\/wp-json\/wp\/v2\/users\/1"}],"replies":[{"embeddable":true,"href":"https:\/\/colegioclaudiogay.cl\/index.php\/wp-json\/wp\/v2\/comments?post=1722"}],"version-history":[{"count":21,"href":"https:\/\/colegioclaudiogay.cl\/index.php\/wp-json\/wp\/v2\/pages\/1722\/revisions"}],"predecessor-version":[{"id":1810,"href":"https:\/\/colegioclaudiogay.cl\/index.php\/wp-json\/wp\/v2\/pages\/1722\/revisions\/1810"}],"wp:attachment":[{"href":"https:\/\/colegioclaudiogay.cl\/index.php\/wp-json\/wp\/v2\/media?parent=1722"}],"curies":[{"name":"wp","href":"https:\/\/api.w.org\/{rel}","templated":true}]}}