{"id":1297,"date":"2024-04-29T09:09:37","date_gmt":"2024-04-29T13:09:37","guid":{"rendered":"https:\/\/colegioclaudiogay.cl\/?page_id=1297"},"modified":"2026-02-27T23:10:14","modified_gmt":"2026-02-28T03:10:14","slug":"convivencia-escolar","status":"publish","type":"page","link":"https:\/\/colegioclaudiogay.cl\/index.php\/convivencia-escolar\/","title":{"rendered":"Convivencia Escolar"},"content":{"rendered":"\r\n<h3 class=\"wp-block-spacer\" style=\"height: 100px; text-align: center;\" aria-hidden=\"true\">Reglas de convivencia escolar<\/h3>\r\n\r\n<p style=\"text-align: justify; color: #000;\">El Colegio Claudio Gay pone a disposici\u00f3n de la comunidad educativa los documentos correspondientes al \u00e1rea de <strong>Convivencia Escolar y Bienestar Emocional<\/strong>, los cuales forman parte de las acciones informativas y preventivas presentadas en el marco de la Cuenta P\u00fablica institucional.<\/p>\r\n<p>&nbsp;<\/p>\r\n<p style=\"text-align: justify; color: #000;\">Entre estos materiales se encuentran las <strong>Reglas de Convivencia Escolar<\/strong>, el documento de <strong>Apoyo para Padres sobre Ciberacoso<\/strong>, las <strong>Estrategias para Fomentar la Expresi\u00f3n Emocional<\/strong>, orientaciones sobre <strong>C\u00f3mo Fomentar la Expresi\u00f3n Emocional<\/strong> y los <strong>Consejos para Fortalecer la Salud Mental de Nuestros Hijos<\/strong>, los cuales buscan promover relaciones respetuosas, seguras y saludables dentro y fuera del establecimiento.<\/p>\r\n<p>&nbsp;<\/p>\r\n<p style=\"text-align: justify; color: #000;\">Estos contenidos entregan herramientas pr\u00e1cticas para las familias, estudiantes y docentes, fortaleciendo la prevenci\u00f3n de situaciones de riesgo, el desarrollo socioemocional y la construcci\u00f3n de una comunidad educativa basada en el respeto, la empat\u00eda y la responsabilidad compartida.<\/p>\r\n<p>&nbsp;<\/p>\r\n\r\n<ul class=\"wp-block-list\" style=\"text-align: left;\">\r\n<li style=\"font-size: 25px;\">\r\n<h4><a style=\"color: #0b1f3a;\" href=\"https:\/\/colegioclaudiogay.cl\/index.php\/convivencia-escolar\/apoyo-para-padres-sobre-ciberacoso\/\" data-type=\"page\" data-id=\"1301\"> Apoyo para Padres sobre Ciberacoso <\/a><\/h4>\r\n<\/li>\r\n\r\n\r\n\r\n<li style=\"font-size: 25px;\">\r\n<h4><a style=\"color: #0b1f3a;\" href=\"https:\/\/colegioclaudiogay.cl\/index.php\/convivencia-escolar\/estrategias-para-fomentar-la-expresion-emocional\/\" data-type=\"page\" data-id=\"1303\"> Estrategias para Fomentar la Expresi\u00f3n Emocional <\/a><\/h4>\r\n<\/li>\r\n\r\n\r\n\r\n<li style=\"font-size: 25px;\">\r\n<h4><a style=\"color: #0b1f3a;\" href=\"https:\/\/colegioclaudiogay.cl\/index.php\/convivencia-escolar\/como-fomentar-la-expresion-emocional\/\" data-type=\"page\" data-id=\"1305\"> C\u00f3mo Fomentar la Expresi\u00f3n Emocional <\/a><\/h4>\r\n<\/li>\r\n\r\n\r\n\r\n<li style=\"font-size: 25px;\">\r\n<h4><a style=\"color: #0b1f3a;\" href=\"https:\/\/colegioclaudiogay.cl\/index.php\/convivencia-escolar\/consejos-para-fortalecer-la-salud-mental-de-nuestros-hijos\/\" data-type=\"page\" data-id=\"1307\"> Consejos Para Fortalecer la Salud Mental de Nuestros Hijos <\/a><\/h4>\r\n<\/li>\r\n<\/ul>\r\n\r\n\r\n\r\n<p>&nbsp;<\/p>\r\n","protected":false},"excerpt":{"rendered":"<p>El Colegio Claudio Gay pone a disposici\u00f3n de la comunidad educativa los documentos correspondientes al \u00e1rea de Convivencia Escolar y Bienestar Emocional, los cuales forman parte de las acciones informativas y preventivas presentadas en el marco de la Cuenta P\u00fablica institucional. &nbsp; Entre estos materiales se encuentran las Reglas de Convivencia Escolar, el documento de&hellip;<\/p>\n","protected":false},"author":1,"featured_media":0,"parent":0,"menu_order":0,"comment_status":"closed","ping_status":"closed","template":"","meta":{"footnotes":""},"class_list":["post-1297","page","type-page","status-publish","hentry"],"_links":{"self":[{"href":"https:\/\/colegioclaudiogay.cl\/index.php\/wp-json\/wp\/v2\/pages\/1297","targetHints":{"allow":["GET"]}}],"collection":[{"href":"https:\/\/colegioclaudiogay.cl\/index.php\/wp-json\/wp\/v2\/pages"}],"about":[{"href":"https:\/\/colegioclaudiogay.cl\/index.php\/wp-json\/wp\/v2\/types\/page"}],"author":[{"embeddable":true,"href":"https:\/\/colegioclaudiogay.cl\/index.php\/wp-json\/wp\/v2\/users\/1"}],"replies":[{"embeddable":true,"href":"https:\/\/colegioclaudiogay.cl\/index.php\/wp-json\/wp\/v2\/comments?post=1297"}],"version-history":[{"count":6,"href":"https:\/\/colegioclaudiogay.cl\/index.php\/wp-json\/wp\/v2\/pages\/1297\/revisions"}],"predecessor-version":[{"id":1856,"href":"https:\/\/colegioclaudiogay.cl\/index.php\/wp-json\/wp\/v2\/pages\/1297\/revisions\/1856"}],"wp:attachment":[{"href":"https:\/\/colegioclaudiogay.cl\/index.php\/wp-json\/wp\/v2\/media?parent=1297"}],"curies":[{"name":"wp","href":"https:\/\/api.w.org\/{rel}","templated":true}]}}